{"id":782,"date":"2023-01-26T15:38:10","date_gmt":"2023-01-26T14:38:10","guid":{"rendered":"https:\/\/svazdopravy.cz\/?page_id=782"},"modified":"2023-08-02T12:11:23","modified_gmt":"2023-08-02T10:11:23","slug":"aktuality","status":"publish","type":"page","link":"https:\/\/www.svazdopravy.cz\/en\/aktuality\/","title":{"rendered":"Aktuality"},"content":{"rendered":"<div data-elementor-type=\"wp-page\" data-elementor-id=\"782\" class=\"elementor elementor-782\">\n\t\t\t\t\t\t<section class=\"elementor-section elementor-top-section elementor-element elementor-element-e62a4fb elementor-section-boxed elementor-section-height-default elementor-section-height-default\" data-id=\"e62a4fb\" data-element_type=\"section\" data-e-type=\"section\">\n\t\t\t\t\t\t<div class=\"elementor-container elementor-column-gap-default\">\n\t\t\t\t\t<div class=\"elementor-column elementor-col-100 elementor-top-column elementor-element elementor-element-64ae8f9\" data-id=\"64ae8f9\" data-element_type=\"column\" data-e-type=\"column\">\n\t\t\t<div class=\"elementor-widget-wrap elementor-element-populated\">\n\t\t\t\t\t\t<div class=\"elementor-element elementor-element-bd11c3f elementor-widget elementor-widget-shortcode\" data-id=\"bd11c3f\" data-element_type=\"widget\" data-e-type=\"widget\" data-widget_type=\"shortcode.default\">\n\t\t\t\t<div class=\"elementor-widget-container\">\n\t\t\t\t\t\t\t<div class=\"elementor-shortcode\"><div class=\"pt-cv-wrapper\"><div class=\"pt-cv-view pt-cv-grid pt-cv-colsys\" id=\"pt-cv-view-fb0a19f3f7\"><div data-id=\"pt-cv-page-1\" class=\"pt-cv-page\" data-cvc=\"4\"><div class=\"col-md-3 col-sm-6 col-xs-12 pt-cv-content-item pt-cv-1-col\" ><div class='pt-cv-ifield'><h3 class=\"pt-cv-title\"><a href=\"https:\/\/www.svazdopravy.cz\/en\/2026\/04\/02\/tiskova-zprava-dopravu-v-cesku-drti-ceny-asfaltu-i-nejistota-ministr-bednarik-potvrdil-stavbu-plavebniho-stupne-decin\/\" class=\"_self\" target=\"_self\" >TISKOV\u00c1 ZPR\u00c1VA: Dopravu v \u010cesku drt\u00ed ceny asfaltu i nejistota. Ministr Bedn\u00e1rik potvrdil stavbu plavebn\u00edho stupn\u011b D\u011b\u010d\u00edn<\/a><\/h3>\n<div class=\"pt-cv-content\">Praha, 31. b\u0159ezna 2026 \u2013 R\u016fst cen paliv, nedostatek stavebn\u00edch materi\u00e1l\u016f a nejistota na trhu m\u016f\u017ee zkomplikovat rozvoj dopravn\u00ed infrastruktury ...<br \/><div class=\"pt-cv-rmwrap\"><a href=\"https:\/\/www.svazdopravy.cz\/en\/2026\/04\/02\/tiskova-zprava-dopravu-v-cesku-drti-ceny-asfaltu-i-nejistota-ministr-bednarik-potvrdil-stavbu-plavebniho-stupne-decin\/\" class=\"_self pt-cv-readmore btn btn-success\" target=\"_self\">\u010c\u00cdST V\u00cdCE \u00bb<\/a><\/div><\/div><\/div><\/div>\n<div class=\"col-md-3 col-sm-6 col-xs-12 pt-cv-content-item pt-cv-1-col\" ><div class='pt-cv-ifield'><h3 class=\"pt-cv-title\"><a href=\"https:\/\/www.svazdopravy.cz\/en\/2026\/03\/03\/letiste-praha-opet-ziskalo-prestizni-mezinarodni-oceneni-za-zakaznickou-zkusenost\/\" class=\"_self\" target=\"_self\" >Leti\u0161t\u011b Praha op\u011bt z\u00edskalo presti\u017en\u00ed mezin\u00e1rodn\u00ed ocen\u011bn\u00ed za z\u00e1kaznickou zku\u0161enost<\/a><\/h3>\n<div class=\"pt-cv-content\">Praha, 26. \u00fanora 2026 Leti\u0161t\u011b Praha z\u00edskalo za rok 2025 ocen\u011bn\u00ed Airport Service Quality Award za z\u00e1kaznickou zku\u0161enost cestuj\u00edc\u00edch p\u0159i ...<br \/><div class=\"pt-cv-rmwrap\"><a href=\"https:\/\/www.svazdopravy.cz\/en\/2026\/03\/03\/letiste-praha-opet-ziskalo-prestizni-mezinarodni-oceneni-za-zakaznickou-zkusenost\/\" class=\"_self pt-cv-readmore btn btn-success\" target=\"_self\">\u010c\u00cdST V\u00cdCE \u00bb<\/a><\/div><\/div><\/div><\/div>\n<div class=\"col-md-3 col-sm-6 col-xs-12 pt-cv-content-item pt-cv-1-col\" ><div class='pt-cv-ifield'><h3 class=\"pt-cv-title\"><a href=\"https:\/\/www.svazdopravy.cz\/en\/2026\/02\/26\/ministr-dopravy-ivan-bednarik-jednal-se-svazem-dopravy-cr-o-klicovych-prioritach-ceske-dopravy\/\" class=\"_self\" target=\"_self\" >Ministr dopravy Ivan Bedn\u00e1rik jednal se Svazem dopravy \u010cR o kl\u00ed\u010dov\u00fdch priorit\u00e1ch \u010desk\u00e9 dopravy<\/a><\/h3>\n<div class=\"pt-cv-content\">Praha, 19. \u00fanora 2026 \u2013 Svaz dopravy \u010cesk\u00e9 republiky (SD) uspo\u0159\u00e1dal sv\u00e9 16. zased\u00e1n\u00ed p\u0159edstavenstva v prostor\u00e1ch Leti\u0161t\u011b Praha. Hlavn\u00edm ...<br \/><div class=\"pt-cv-rmwrap\"><a href=\"https:\/\/www.svazdopravy.cz\/en\/2026\/02\/26\/ministr-dopravy-ivan-bednarik-jednal-se-svazem-dopravy-cr-o-klicovych-prioritach-ceske-dopravy\/\" class=\"_self pt-cv-readmore btn btn-success\" target=\"_self\">\u010c\u00cdST V\u00cdCE \u00bb<\/a><\/div><\/div><\/div><\/div>\n<div class=\"col-md-3 col-sm-6 col-xs-12 pt-cv-content-item pt-cv-1-col\" ><div class='pt-cv-ifield'><h3 class=\"pt-cv-title\"><a href=\"https:\/\/www.svazdopravy.cz\/en\/2026\/02\/18\/zimni-udrzba-spotreba-posypoveho-materialu-statistika-za-obdobi-11-2025-01-2026\/\" class=\"_self\" target=\"_self\" >ZIMN\u00cd \u00daDR\u017dBA &#8211; SPOT\u0158EBA POSYPOV\u00c9HO MATERI\u00c1LU: Statistika za obdob\u00ed 11\/2025-01\/2026<\/a><\/h3>\n<div class=\"pt-cv-content\">Tiskov\u00e1 zpr\u00e1va ze dne: 17.02. 2026 Zimn\u00ed \u00fadr\u017eba silnic druh\u00fdch a t\u0159et\u00edch t\u0159\u00edd ve v\u0161ech kraj\u00edch v\u00a0\u010cesk\u00e9 republice si v\u00a0uveden\u00e9m ...<br \/><div class=\"pt-cv-rmwrap\"><a href=\"https:\/\/www.svazdopravy.cz\/en\/2026\/02\/18\/zimni-udrzba-spotreba-posypoveho-materialu-statistika-za-obdobi-11-2025-01-2026\/\" class=\"_self pt-cv-readmore btn btn-success\" target=\"_self\">\u010c\u00cdST V\u00cdCE \u00bb<\/a><\/div><\/div><\/div><\/div>\n<div class=\"col-md-3 col-sm-6 col-xs-12 pt-cv-content-item pt-cv-1-col\" ><div class='pt-cv-ifield'><h3 class=\"pt-cv-title\"><a href=\"https:\/\/www.svazdopravy.cz\/en\/2026\/02\/16\/zasedalo-sdruzeni-sus-cr-zvolilo-nove-vedeni-a-probiralo-aktualni-prubeh-zimni-udrzby-i-bezpecnost-na-silnicich\/\" class=\"_self\" target=\"_self\" >ZASEDALO SDRU\u017dEN\u00cd S\u00daS \u010cR: Zvolilo nov\u00e9 veden\u00ed a prob\u00edralo aktu\u00e1ln\u00ed pr\u016fb\u011bh zimn\u00ed \u00fadr\u017eby i bezpe\u010dnost na silnic\u00edch<\/a><\/h3>\n<div class=\"pt-cv-content\">Tiskov\u00e1 zpr\u00e1va ze dne: 10.02. 2026 V Luha\u010dovic\u00edch prob\u011bhlo \u0159\u00e1dn\u00e9 zased\u00e1n\u00ed Sdru\u017een\u00ed S\u00daS \u010cR, kter\u00e9 je sou\u010d\u00e1st\u00ed \u010cesk\u00e9 silni\u010dn\u00ed spole\u010dnosti ...<br \/><div class=\"pt-cv-rmwrap\"><a href=\"https:\/\/www.svazdopravy.cz\/en\/2026\/02\/16\/zasedalo-sdruzeni-sus-cr-zvolilo-nove-vedeni-a-probiralo-aktualni-prubeh-zimni-udrzby-i-bezpecnost-na-silnicich\/\" class=\"_self pt-cv-readmore btn btn-success\" target=\"_self\">\u010c\u00cdST V\u00cdCE \u00bb<\/a><\/div><\/div><\/div><\/div>\n<div class=\"col-md-3 col-sm-6 col-xs-12 pt-cv-content-item pt-cv-1-col\" ><div class='pt-cv-ifield'><h3 class=\"pt-cv-title\"><a href=\"https:\/\/www.svazdopravy.cz\/en\/2026\/02\/06\/jednani-sus-v-kosmonosech\/\" class=\"_self\" target=\"_self\" >Jedn\u00e1n\u00ed S\u00daS v Kosmonosech<\/a><\/h3>\n<div class=\"pt-cv-content\">V r\u00e1mci jedn\u00e1n\u00ed Sdru\u017een\u00ed S\u00daS prob\u011bhla mezi z\u00e1stupci krajsk\u00fdch spr\u00e1v silnic, SFDI a Ministerstva dopravy v\u00fdm\u011bna informac\u00ed o problematice zimn\u00ed ...<br \/><div class=\"pt-cv-rmwrap\"><a href=\"https:\/\/www.svazdopravy.cz\/en\/2026\/02\/06\/jednani-sus-v-kosmonosech\/\" class=\"_self pt-cv-readmore btn btn-success\" target=\"_self\">\u010c\u00cdST V\u00cdCE \u00bb<\/a><\/div><\/div><\/div><\/div>\n<div class=\"col-md-3 col-sm-6 col-xs-12 pt-cv-content-item pt-cv-1-col\" ><div class='pt-cv-ifield'><h3 class=\"pt-cv-title\"><a href=\"https:\/\/www.svazdopravy.cz\/en\/2026\/02\/03\/kongres-ve-wisle-2026-krizovatka-inovaci-pro-zeleznici-a-intermodalni-logistiku\/\" class=\"_self\" target=\"_self\" >Kongres ve Wisle 2026: K\u0159i\u017eovatka inovac\u00ed pro \u017eeleznici a intermod\u00e1ln\u00ed logistiku<\/a><\/h3>\n<div class=\"pt-cv-content\">Mezin\u00e1rodn\u00ed \u017eelezni\u010dn\u00ed a intermod\u00e1ln\u00ed kongres 2026 pat\u0159\u00ed mezi nejv\u00fdznamn\u011bj\u0161\u00ed odborn\u00e1 setk\u00e1n\u00ed v oblasti dopravy ve st\u0159edn\u00ed Evrop\u011b. Jeho 15. ro\u010dn\u00edk ...<br \/><div class=\"pt-cv-rmwrap\"><a href=\"https:\/\/www.svazdopravy.cz\/en\/2026\/02\/03\/kongres-ve-wisle-2026-krizovatka-inovaci-pro-zeleznici-a-intermodalni-logistiku\/\" class=\"_self pt-cv-readmore btn btn-success\" target=\"_self\">\u010c\u00cdST V\u00cdCE \u00bb<\/a><\/div><\/div><\/div><\/div>\n<div class=\"col-md-3 col-sm-6 col-xs-12 pt-cv-content-item pt-cv-1-col\" ><div class='pt-cv-ifield'><h3 class=\"pt-cv-title\"><a href=\"https:\/\/www.svazdopravy.cz\/en\/2026\/02\/02\/prezidentka-svazu-dopravy-se-zucastnila-konference-ve-znojme-co-zaznelo-na-konferenci-znojmo-dusi-kamiony-reseni-existuje\/\" class=\"_self\" target=\"_self\" >Prezidentka Svazu dopravy se z\u00fa\u010dastnila konference ve Znojm\u011b. Co zazn\u011blo na konferenci? Znojmo dus\u00ed kamiony. \u0158e\u0161en\u00ed existuje.<\/a><\/h3>\n<div class=\"pt-cv-content\">Znojmem projede ka\u017ed\u00fd v\u0161edn\u00ed den a\u017e 2 000 kamion\u016f. Za posledn\u00edch 20 let vzrostla silni\u010dn\u00ed n\u00e1kladn\u00ed doprava p\u0159es m\u011bsto o ...<br \/><div class=\"pt-cv-rmwrap\"><a href=\"https:\/\/www.svazdopravy.cz\/en\/2026\/02\/02\/prezidentka-svazu-dopravy-se-zucastnila-konference-ve-znojme-co-zaznelo-na-konferenci-znojmo-dusi-kamiony-reseni-existuje\/\" class=\"_self pt-cv-readmore btn btn-success\" target=\"_self\">\u010c\u00cdST V\u00cdCE \u00bb<\/a><\/div><\/div><\/div><\/div>\n<div class=\"col-md-3 col-sm-6 col-xs-12 pt-cv-content-item pt-cv-1-col\" ><div class='pt-cv-ifield'><h3 class=\"pt-cv-title\"><a href=\"https:\/\/www.svazdopravy.cz\/en\/2026\/01\/21\/cd-cargo-ma-noveho-predsedu-predstavenstva\/\" class=\"_self\" target=\"_self\" >\u010cD Cargo m\u00e1 nov\u00e9ho p\u0159edsedu p\u0159edstavenstva<\/a><\/h3>\n<div class=\"pt-cv-content\">Do \u010dela nejv\u011bt\u0161\u00edho n\u00e1kladn\u00edho dopravce v \u010cesk\u00e9 republice byl zvolen Radim Je\u010dn\u00fd. Nov\u00e9ho p\u0159edsedu p\u0159edstavenstva \u010dek\u00e1 n\u00e1ro\u010dn\u00fd \u00fakol, a to ...<br \/><div class=\"pt-cv-rmwrap\"><a href=\"https:\/\/www.svazdopravy.cz\/en\/2026\/01\/21\/cd-cargo-ma-noveho-predsedu-predstavenstva\/\" class=\"_self pt-cv-readmore btn btn-success\" target=\"_self\">\u010c\u00cdST V\u00cdCE \u00bb<\/a><\/div><\/div><\/div><\/div>\n<div class=\"col-md-3 col-sm-6 col-xs-12 pt-cv-content-item pt-cv-1-col\" ><div class='pt-cv-ifield'><h3 class=\"pt-cv-title\"><a href=\"https:\/\/www.svazdopravy.cz\/en\/2026\/01\/21\/terminal-2-na-letisti-vaclava-havla-praha-slavi-20-let-proslo-jim-pres-141-milionu-cestujicich\/\" class=\"_self\" target=\"_self\" >Termin\u00e1l 2 na Leti\u0161ti V\u00e1clava Havla Praha slav\u00ed 20 let. Pro\u0161lo j\u00edm p\u0159es 141 milion\u016f cestuj\u00edc\u00edch<\/a><\/h3>\n<div class=\"pt-cv-content\">Leti\u0161t\u011b Praha si v lednu p\u0159ipom\u00edn\u00e1 20. v\u00fdro\u010d\u00ed od zah\u00e1jen\u00ed provozu Termin\u00e1lu 2 \u2013 stavby, kter\u00e1 z\u00e1sadn\u011b prom\u011bnila cestov\u00e1n\u00ed z ...<br \/><div class=\"pt-cv-rmwrap\"><a href=\"https:\/\/www.svazdopravy.cz\/en\/2026\/01\/21\/terminal-2-na-letisti-vaclava-havla-praha-slavi-20-let-proslo-jim-pres-141-milionu-cestujicich\/\" class=\"_self pt-cv-readmore btn btn-success\" target=\"_self\">\u010c\u00cdST V\u00cdCE \u00bb<\/a><\/div><\/div><\/div><\/div><\/div><\/div><\/div><\/div>\n\t\t\t\t\t\t<\/div>\n\t\t\t\t<\/div>\n\t\t\t\t\t<\/div>\n\t\t<\/div>\n\t\t\t\t\t<\/div>\n\t\t<\/section>\n\t\t\t\t<\/div>","protected":false},"excerpt":{"rendered":"","protected":false},"author":1,"featured_media":0,"parent":0,"menu_order":0,"comment_status":"closed","ping_status":"closed","template":"","meta":{"footnotes":""},"class_list":["post-782","page","type-page","status-publish","hentry"],"_links":{"self":[{"href":"https:\/\/www.svazdopravy.cz\/en\/wp-json\/wp\/v2\/pages\/782","targetHints":{"allow":["GET"]}}],"collection":[{"href":"https:\/\/www.svazdopravy.cz\/en\/wp-json\/wp\/v2\/pages"}],"about":[{"href":"https:\/\/www.svazdopravy.cz\/en\/wp-json\/wp\/v2\/types\/page"}],"author":[{"embeddable":true,"href":"https:\/\/www.svazdopravy.cz\/en\/wp-json\/wp\/v2\/users\/1"}],"replies":[{"embeddable":true,"href":"https:\/\/www.svazdopravy.cz\/en\/wp-json\/wp\/v2\/comments?post=782"}],"version-history":[{"count":12,"href":"https:\/\/www.svazdopravy.cz\/en\/wp-json\/wp\/v2\/pages\/782\/revisions"}],"predecessor-version":[{"id":1856,"href":"https:\/\/www.svazdopravy.cz\/en\/wp-json\/wp\/v2\/pages\/782\/revisions\/1856"}],"wp:attachment":[{"href":"https:\/\/www.svazdopravy.cz\/en\/wp-json\/wp\/v2\/media?parent=782"}],"curies":[{"name":"wp","href":"https:\/\/api.w.org\/{rel}","templated":true}]}}