{"id":463,"date":"2023-01-24T20:05:21","date_gmt":"2023-01-24T19:05:21","guid":{"rendered":"https:\/\/svazdopravy.cz\/?page_id=463"},"modified":"2023-08-29T22:48:10","modified_gmt":"2023-08-29T20:48:10","slug":"letecka-doprava","status":"publish","type":"page","link":"https:\/\/www.svazdopravy.cz\/en\/letecka-doprava\/","title":{"rendered":"Leteck\u00e1 doprava"},"content":{"rendered":"\n<p>Sekce leteck\u00e9 dopravy je v sou\u010dasn\u00e9 dob\u011b zastoupena spole\u010dnost\u00ed Leti\u0161t\u011b Praha, a. s., kter\u00e1 jako mate\u0159sk\u00e1 firma sdru\u017euje dce\u0159in\u00e9 spole\u010dnosti Czech Airlines Technics, a.s., poskytuj\u00edc\u00ed slu\u017eby v oblasti technick\u00e9 \u00fadr\u017eby letadel, a Czech Airlines Handling, a.s., zaji\u0161\u0165uj\u00edc\u00ed obchodn\u00ed a technick\u00e9 odbaven\u00ed letadel, cestuj\u00edc\u00edch a n\u00e1kladu.<\/p>\n\n\n\n<p>Sekce pr\u016fb\u011b\u017en\u011b zpracov\u00e1v\u00e1 p\u0159ipom\u00ednky k novel\u00e1m z\u00e1kon\u016f a p\u0159edpis\u016f t\u00fdkaj\u00edc\u00edch se oblasti letectv\u00ed, takt\u00e9\u017e se mj. aktivn\u011b pod\u00edlela na vypracov\u00e1n\u00ed Dopravn\u00ed politiky \u010cesk\u00e9 republiky, Koncepce leteck\u00e9 dopravy.<\/p>\n\n\n\n<p>Trh leteck\u00e9 dopravy se b\u011bhem uplynul\u00fdch dek\u00e1d\u00e1ch stal v porovn\u00e1n\u00ed s minulost\u00ed daleko v\u00edce liberalizovan\u00fd. Letectv\u00ed pro\u0161lo struktur\u00e1ln\u00ed zm\u011bnou a p\u0159izp\u016fsobilo se dynamick\u00e9mu trhu a popt\u00e1vce. T\u00edm tento druh dopravy ji\u017e zcela ztratil svoji d\u0159\u00edv\u011bj\u0161\u00ed exkluzivitu a nedostupnost, a to jak pro nov\u00e9 spole\u010dnosti uva\u017euj\u00edc\u00ed o vstupu na tento trh, tak pro cestuj\u00edc\u00ed. T\u011bmito zm\u011bnami se stalo letectv\u00ed vysoce konkuren\u010dn\u00edm prost\u0159ed\u00edm, ve kter\u00e9m se v\u0161ichni \u00fa\u010dastn\u00edci mus\u00ed v\u011bnovat sni\u017eov\u00e1n\u00ed n\u00e1klad\u016f p\u0159i zachov\u00e1n\u00ed maxim\u00e1ln\u00ed m\u00edry provozn\u00ed bezpe\u010dnosti. Lze tedy p\u0159edpokl\u00e1dat dal\u0161\u00ed spojov\u00e1n\u00ed leteck\u00fdch spole\u010dnost\u00ed, odbavovac\u00edch spole\u010dnost\u00ed a organizac\u00ed zaji\u0161\u0165uj\u00edc\u00ed \u00fadr\u017ebu letadel do v\u011bt\u0161\u00edch celk\u016f tak, aby mohly t\u00e9to situaci \u010delit.<\/p>\n\n\n\n<p>Leteck\u00e9 doprava je velmi citliv\u00e1 na glob\u00e1ln\u00ed i lok\u00e1ln\u00ed hospod\u00e1\u0159sk\u00e9 v\u00fdkyvy, ekonomick\u00e9 cykly nebo, dle ned\u00e1vn\u00e9 zku\u0161enosti, nov\u00e9 fenom\u00e9ny jako jsou glob\u00e1ln\u00ed pandemie apod.<\/p>\n\n\n\n<p>Navzdory sou\u010dasn\u00fdm v\u00fdkyv\u016fm v leteck\u00e9 doprav\u011b lze dle v\u0161ech dostupn\u00fdch ukazatel\u016f a predikc\u00ed kl\u00ed\u010dov\u00fdch autorit v&nbsp;mezin\u00e1rodn\u00edm letectv\u00ed v n\u00e1sleduj\u00edc\u00edch dvaceti letech o\u010dek\u00e1vat v\u00fdrazn\u00fd n\u00e1r\u016fst objemu v tomto druhu dopravy, a to nejen v \u010cesk\u00e9 republice, ale v cel\u00e9m regionu st\u0159edn\u00ed a v\u00fdchodn\u00ed Evropy.<\/p>\n\n\n\n<h4 class=\"wp-block-heading\">Vzhledem k velikosti a ekonomick\u00e9 s\u00edle tuzemsk\u00e9ho trhu pro n\u00e1sleduj\u00edc\u00ed roky Sekce leteck\u00e9 dopravy prosazuje:<\/h4>\n\n\n\n<ul class=\"wp-block-list\">\n<li>Zachov\u00e1n\u00ed z\u00e1jmu st\u00e1tu o rozvoj odv\u011btv\u00ed leteck\u00e9 dopravy s ohledem na jeho makroekonomick\u00fd v\u00fdznam pro v\u00fdvoj zam\u011bstnanosti a ekonomiky \u010cesk\u00e9 republiky (letectv\u00ed je jedin\u00fdm sektorem dopravy, kter\u00fd nem\u00e1 \u017e\u00e1dn\u00e9 n\u00e1roky na st\u00e1tn\u00ed rozpo\u010det).<\/li>\n\n\n\n<li>Zefektivn\u011bn\u00ed v\u0161ech \u0159\u00eddic\u00edch, spr\u00e1vn\u00edch a legislativn\u00edch proces\u016f, kter\u00e9 umo\u017en\u00ed urychlen\u00ed v\u00fdstavby pot\u0159ebn\u00e9 dopravn\u00ed infrastruktury (nikoliv pouze leteck\u00e9).<\/li>\n\n\n\n<li>Podporu spole\u010dnost\u00ed p\u016fsob\u00edc\u00edch v&nbsp;odv\u011btv\u00ed leteck\u00e9 dopravy v&nbsp;zav\u00e1d\u011bn\u00ed nov\u00fdch trend\u016f a technologi\u00ed, \u00fa\u010dast v&nbsp;programu Single European Sky a \u010derp\u00e1n\u00ed prost\u0159edk\u016f z&nbsp;toho programu na technologick\u00fd rozvoj letectv\u00ed v&nbsp;\u010cR.<\/li>\n\n\n\n<li>Vytv\u00e1\u0159en\u00ed vhodn\u00e9ho legislativn\u00edho prost\u0159ed\u00ed, kter\u00e9 bude trvale podporovat subjekty p\u0159\u00edtomn\u00e9 v&nbsp;odv\u011btv\u00ed leteck\u00e9 dopravy v&nbsp;jejich \u010dinnostech, resp. podnik\u00e1n\u00ed, v&nbsp;poskytov\u00e1n\u00ed slu\u017eeb p\u0159i zachov\u00e1n\u00ed vysok\u00e9 \u00farovn\u011b provozn\u00ed bezpe\u010dnosti a zaji\u0161t\u011bn\u00ed vysok\u00e9 provozn\u00ed a ekonomick\u00e9 efektivity. Sou\u010dasn\u011b mus\u00ed tento legislativn\u00ed r\u00e1mec pru\u017en\u011b reagovat na novinky a nov\u00e9 trendy v&nbsp;letectv\u00ed, jako nap\u0159\u00edklad mezin\u00e1rodn\u00ed harmonizace v&nbsp;procesn\u00ed rovin\u011b, nebo p\u0159ij\u00edm\u00e1n\u00ed nov\u00fdch sm\u011br\u016f letectv\u00ed, jako nap\u0159\u00edklad bezpilotn\u00ed l\u00e9t\u00e1n\u00ed pro soukrom\u00e9 nebo komer\u010dn\u00ed \u00fa\u010dely, resp. v&nbsp;bl\u00edzk\u00e9 budoucnosti tak\u00e9 pro p\u0159epravu cestuj\u00edc\u00edch a n\u00e1kladu.<\/li>\n\n\n\n<li>Dal\u0161\u00ed rozvoj ruzy\u0148sk\u00e9ho leti\u0161t\u011b jako nejv\u00fdznamn\u011bj\u0161\u00edho strategick\u00e9ho \u010dl\u00e1nku civiln\u00ed leteck\u00e9 infrastruktury v \u010cesk\u00e9 republice, p\u0159i\u010dem\u017e leti\u0161t\u011b Praha\/Ruzyn\u011b m\u00e1 p\u0159ed sebou st\u011b\u017eejn\u00ed \u00fakoly komplexn\u00edho rozvojov\u00e9ho programu, kter\u00fd je postaven na 3 pil\u00ed\u0159\u00edch:\n<ul class=\"wp-block-list\">\n<li>Paraleln\u00ed RWY06R\/24L, kter\u00e1 bude postavena ji\u017en\u011b od st\u00e1vaj\u00edc\u00ed hlavn\u00ed RWY jako soub\u011b\u017en\u00e1 a provozn\u011b nez\u00e1visl\u00e1 dr\u00e1ha. Sou\u010dasn\u00e1 vedlej\u0161\u00ed RWY12\/30 bude po dokon\u010den\u00ed v\u00fdstavby nov\u00e9 dr\u00e1hy definitivn\u011b uzav\u0159ena.<\/li>\n\n\n\n<li>Nav\u00fd\u0161en\u00ed kapacity termin\u00e1l\u016f, kter\u00e9 nab\u00eddnou v\u00fdznamn\u011b v\u011bt\u0161\u00ed hodinovou propustnost a celkov\u011b vy\u0161\u0161\u00ed kapacitu k&nbsp;zaji\u0161\u0165ov\u00e1n\u00ed \u010dinnost\u00ed spojen\u00fdch s&nbsp;odbaven\u00edm cestuj\u00edc\u00edch na st\u00e1vaj\u00edc\u00edch i budouc\u00edch leteck\u00fdch spoj\u00edch.<\/li>\n\n\n\n<li>Ve\u0159ejn\u00fd prostor leti\u0161t\u011b a tzv. AirportCity, p\u0159i\u010dem\u017e ve\u0159ejn\u00fd prostor are\u00e1l\u016f leti\u0161t\u011b mus\u00ed zajistit podm\u00ednky pro odpov\u00eddaj\u00edc\u00ed \u00farove\u0148 dopravn\u00ed obslu\u017enosti leti\u0161t\u011b, v\u010detn\u011b vybudov\u00e1n\u00ed \u017eelezni\u010dn\u00edho spojen\u00ed s&nbsp;centrem hl.m. Prahy, vytvo\u0159en\u00ed nab\u00eddky pot\u0159ebn\u00e9 parkovac\u00ed kapacity a dal\u0161\u00ed funkce a slu\u017eby zahrnut\u00e9 do programu Airport City, jeho\u017e c\u00edlem je vytvo\u0159en\u00ed komplement\u00e1rn\u00ed nab\u00eddky dal\u0161\u00edch slu\u017eeb pro cestuj\u00edc\u00ed a ve\u0159ejnost nesouvisej\u00edc\u00edch p\u0159\u00edmo s&nbsp;odbaven\u00edm.<\/li>\n<\/ul>\n<\/li>\n\n\n\n<li>Rozvoj mezin\u00e1rodn\u00edch leti\u0161\u0165 v dal\u0161\u00edch velk\u00fdch \u010desk\u00fdch m\u011bstech.\n<ul class=\"wp-block-list\">\n<li>Vytvo\u0159en\u00ed podm\u00ednek pro provozov\u00e1n\u00ed region\u00e1ln\u00edch leti\u0161\u0165 s prim\u00e1rn\u00edm zam\u011b\u0159en\u00edm na sez\u00f3nn\u00ed lety a lety n\u00edzkon\u00e1kladov\u00fdch leteck\u00fdch spole\u010dnost\u00ed.<\/li>\n<\/ul>\n<\/li>\n<\/ul>\n\n\n\n\n<p><style>\/*! elementor - v3.11.5 - 14-03-2023 *\/<br \/>\n.elementor-widget-image-box .elementor-image-box-content{width:100%}@media (min-width:768px){.elementor-widget-image-box.elementor-position-left .elementor-image-box-wrapper,.elementor-widget-image-box.elementor-position-right .elementor-image-box-wrapper{display:flex}.elementor-widget-image-box.elementor-position-right .elementor-image-box-wrapper{text-align:right;flex-direction:row-reverse}.elementor-widget-image-box.elementor-position-left .elementor-image-box-wrapper{text-align:left;flex-direction:row}.elementor-widget-image-box.elementor-position-top .elementor-image-box-img{margin:auto}.elementor-widget-image-box.elementor-vertical-align-top .elementor-image-box-wrapper{align-items:flex-start}.elementor-widget-image-box.elementor-vertical-align-middle .elementor-image-box-wrapper{align-items:center}.elementor-widget-image-box.elementor-vertical-align-bottom .elementor-image-box-wrapper{align-items:flex-end}}@media (max-width:767px){.elementor-widget-image-box .elementor-image-box-img{margin-left:auto!important;margin-right:auto!important;margin-bottom:15px}}.elementor-widget-image-box .elementor-image-box-img{display:inline-block}.elementor-widget-image-box .elementor-image-box-title a{color:inherit}.elementor-widget-image-box .elementor-image-box-wrapper{text-align:center}.elementor-widget-image-box .elementor-image-box-description{margin:0}<\/style><\/p>\n<figure><img fetchpriority=\"high\" decoding=\"async\" class=\"aligncenter\" src=\"https:\/\/svazdopravy.cz\/wp-content\/uploads\/2023\/03\/martinkucera.jpg\" alt=\"\" width=\"400\" height=\"492\" \/><\/figure>\n<h5 style=\"text-align: center;\">Martin Ku\u010dera, v\u00fdkonn\u00fd \u0159editel pro leteck\u00fd provoz Leti\u0161t\u011b Praha, a. s.<\/h5>\n<p style=\"text-align: center;\">p\u0159edseda sekce<\/p>\n<p><style>\/*! elementor - v3.11.5 - 14-03-2023 *\/<br \/>\n.elementor-heading-title{padding:0;margin:0;line-height:1}.elementor-widget-heading .elementor-heading-title[class*=elementor-size-]>a{color:inherit;font-size:inherit;line-height:inherit}.elementor-widget-heading .elementor-heading-title.elementor-size-small{font-size:15px}.elementor-widget-heading .elementor-heading-title.elementor-size-medium{font-size:19px}.elementor-widget-heading .elementor-heading-title.elementor-size-large{font-size:29px}.elementor-widget-heading .elementor-heading-title.elementor-size-xl{font-size:39px}.elementor-widget-heading .elementor-heading-title.elementor-size-xxl{font-size:59px}<\/style><\/p>\n<h3>\u010clenov\u00e9<\/h3>\n\t\t<div data-elementor-type=\"wp-post\" data-elementor-id=\"1002\" class=\"elementor elementor-1002\">\n\t\t\t\t\t\t<section class=\"elementor-section elementor-top-section elementor-element elementor-element-52bbea9 elementor-section-boxed elementor-section-height-default elementor-section-height-default\" data-id=\"52bbea9\" data-element_type=\"section\" data-e-type=\"section\">\n\t\t\t\t\t\t<div class=\"elementor-container elementor-column-gap-default\">\n\t\t\t\t\t<div class=\"elementor-column elementor-col-100 elementor-top-column elementor-element elementor-element-cc862ae\" data-id=\"cc862ae\" data-element_type=\"column\" data-e-type=\"column\">\n\t\t\t<div class=\"elementor-widget-wrap elementor-element-populated\">\n\t\t\t\t\t\t<div class=\"elementor-element elementor-element-fb8534c elementor-invisible elementor-widget elementor-widget-ucaddon_logo_grid\" data-id=\"fb8534c\" data-element_type=\"widget\" data-e-type=\"widget\" data-settings=\"{&quot;_animation&quot;:&quot;fadeInUp&quot;}\" data-widget_type=\"ucaddon_logo_grid.default\">\n\t\t\t\t<div class=\"elementor-widget-container\">\n\t\t\t\t\t\n<!-- start Logo Grid -->\n<style>\/* widget: Logo Grid *\/\n\n#uc_logo_grid_elementor_fb8534c {\n  display: grid;\n}\n#uc_logo_grid_elementor_fb8534c .ue-logo-title\n{\n  width:100%;\n  position:absolute;\n  bottom:0;\n  text-align:center;\n  left:0;\n}\n\n#uc_logo_grid_elementor_fb8534c div.logo-grid-item\n{\ntext-align:center;\ndisplay:flex;\nflex-direction:column;\njustify-content:center;\nalign-items:center;\noverflow:hidden;\n  position:relative;\n  transition:0.3s;\n\n}\n\n#uc_logo_grid_elementor_fb8534c div.logo-grid-item img\n{\nwidth:100%;\n  object-fit: contain;\n  display:block;\n  mix-blend-mode: normal;\n  position:absolute;\n  top:0;\n  left:0;\n  right:0;\n  bottom:0;\n  height:100%;\n  transition:0.3s;\n}\n\n\n\n#uc_logo_grid_elementor_fb8534c a\n{\n  display:block;\n  position:absolute;\n  top:0;\n  left:0;\n  right:0;\n  bottom:0;\n  cursor:pointer;\n  display:flex;\njustify-content:center;\nalign-items:center;\n}\n\n<\/style>\n\n<div id=\"uc_logo_grid_elementor_fb8534c\" class=\"ue-logo-grid\">\n<div class=\"logo-grid-item elementor-animation-float\" >\n   \n\t<a href=\"https:\/\/www.prg.aero\/\"  target='_blank'> \n\t\n  \n    <img decoding=\"async\" src=\"https:\/\/www.svazdopravy.cz\/wp-content\/uploads\/2023\/01\/lpraha.svg\" title=\"Leti\u0161t\u011b Praha, a.s.&lt;br&gt;&lt;i&gt;Martin Ku\u010dera&lt;\/i&gt;\"  src=\"https:\/\/www.svazdopravy.cz\/wp-content\/uploads\/2023\/01\/lpraha.svg\" alt=\"lpraha\" width=\"188\" height=\"72\">\n            <div class=\"ue-logo-title\">Leti\u0161t\u011b Praha, a.s.<br><i>Martin Ku\u010dera<\/i><\/div>\n      \t\n      \n  <\/a>\n  \t\n<\/div>\n\n<\/div>\n<!-- end Logo Grid -->\t\t\t\t<\/div>\n\t\t\t\t<\/div>\n\t\t\t\t\t<\/div>\n\t\t<\/div>\n\t\t\t\t\t<\/div>\n\t\t<\/section>\n\t\t\t\t<\/div>\n\t\t","protected":false},"excerpt":{"rendered":"<p>Sekce leteck\u00e9 dopravy je v sou\u010dasn\u00e9 dob\u011b zastoupena spole\u010dnost\u00ed Leti\u0161t\u011b Praha, a. s., kter\u00e1 jako mate\u0159sk\u00e1 firma sdru\u017euje dce\u0159in\u00e9 spole\u010dnosti Czech Airlines Technics, a.s., poskytuj\u00edc\u00ed slu\u017eby v oblasti technick\u00e9 \u00fadr\u017eby letadel, a Czech Airlines Handling, a.s., zaji\u0161\u0165uj\u00edc\u00ed obchodn\u00ed a technick\u00e9 odbaven\u00ed letadel, cestuj\u00edc\u00edch a n\u00e1kladu. Sekce pr\u016fb\u011b\u017en\u011b zpracov\u00e1v\u00e1 p\u0159ipom\u00ednky k novel\u00e1m z\u00e1kon\u016f a p\u0159edpis\u016f t\u00fdkaj\u00edc\u00edch [&hellip;]<\/p>\n","protected":false},"author":1,"featured_media":0,"parent":0,"menu_order":0,"comment_status":"closed","ping_status":"closed","template":"","meta":{"footnotes":""},"class_list":["post-463","page","type-page","status-publish","hentry"],"_links":{"self":[{"href":"https:\/\/www.svazdopravy.cz\/en\/wp-json\/wp\/v2\/pages\/463","targetHints":{"allow":["GET"]}}],"collection":[{"href":"https:\/\/www.svazdopravy.cz\/en\/wp-json\/wp\/v2\/pages"}],"about":[{"href":"https:\/\/www.svazdopravy.cz\/en\/wp-json\/wp\/v2\/types\/page"}],"author":[{"embeddable":true,"href":"https:\/\/www.svazdopravy.cz\/en\/wp-json\/wp\/v2\/users\/1"}],"replies":[{"embeddable":true,"href":"https:\/\/www.svazdopravy.cz\/en\/wp-json\/wp\/v2\/comments?post=463"}],"version-history":[{"count":36,"href":"https:\/\/www.svazdopravy.cz\/en\/wp-json\/wp\/v2\/pages\/463\/revisions"}],"predecessor-version":[{"id":2020,"href":"https:\/\/www.svazdopravy.cz\/en\/wp-json\/wp\/v2\/pages\/463\/revisions\/2020"}],"wp:attachment":[{"href":"https:\/\/www.svazdopravy.cz\/en\/wp-json\/wp\/v2\/media?parent=463"}],"curies":[{"name":"wp","href":"https:\/\/api.w.org\/{rel}","templated":true}]}}