{"id":417,"date":"2023-01-24T19:27:54","date_gmt":"2023-01-24T18:27:54","guid":{"rendered":"https:\/\/svazdopravy.cz\/?page_id=417"},"modified":"2025-06-16T10:37:40","modified_gmt":"2025-06-16T08:37:40","slug":"pravni-nalezitosti","status":"publish","type":"page","link":"https:\/\/www.svazdopravy.cz\/en\/pravni-nalezitosti\/","title":{"rendered":"Pr\u00e1vn\u00ed n\u00e1le\u017eitosti"},"content":{"rendered":"<div data-elementor-type=\"wp-page\" data-elementor-id=\"417\" class=\"elementor elementor-417\">\n\t\t\t\t\t\t<section class=\"elementor-section elementor-top-section elementor-element elementor-element-7faae78c elementor-section-boxed elementor-section-height-default elementor-section-height-default\" data-id=\"7faae78c\" data-element_type=\"section\" data-e-type=\"section\">\n\t\t\t\t\t\t<div class=\"elementor-container elementor-column-gap-default\">\n\t\t\t\t\t<div class=\"elementor-column elementor-col-100 elementor-top-column elementor-element elementor-element-53e93ad2\" data-id=\"53e93ad2\" data-element_type=\"column\" data-e-type=\"column\">\n\t\t\t<div class=\"elementor-widget-wrap elementor-element-populated\">\n\t\t\t\t\t\t<div class=\"elementor-element elementor-element-20382b3f elementor-widget elementor-widget-text-editor\" data-id=\"20382b3f\" data-element_type=\"widget\" data-e-type=\"widget\" data-widget_type=\"text-editor.default\">\n\t\t\t\t<div class=\"elementor-widget-container\">\n\t\t\t\t\t\t\t\t\t\n<div class=\"wp-block-columns is-layout-flex wp-container-core-columns-is-layout-9d6595d7 wp-block-columns-is-layout-flex\">\n<div class=\"wp-block-column is-layout-flow wp-block-column-is-layout-flow\">\n<div class=\"wp-block-columns is-layout-flex wp-container-core-columns-is-layout-9d6595d7 wp-block-columns-is-layout-flex\">\n<div class=\"wp-block-column is-layout-flow wp-block-column-is-layout-flow\">\n<h4 class=\"has-text-align-center wp-block-heading\">S\u00eddlo Svazu dopravy:<\/h4>\n\n<p class=\"has-text-align-center\">Svaz dopravy \u010cesk\u00e9 republiky<br \/>Dl\u00e1\u017ed\u011bn\u00e1 1003\/7, Nov\u00e9 M\u011bsto<br \/>110 00 Praha 1<\/p>\n<\/div>\n<\/div>\n<\/div>\n<\/div>\n\n<p class=\"has-text-align-center\">I\u010c: 613 81 705<br \/>Svaz nen\u00ed pl\u00e1tcem DPH<br \/>ID datov\u00e9 schr\u00e1nky:\u00a0<strong>zpujnkm<\/strong><br \/>Svaz je zaps\u00e1n v obchodn\u00edm rejst\u0159\u00edku L 5915 veden\u00e1 u M\u011bstsk\u00e9ho soudu v Praze.<\/p>\n<div class=\"wp-block-columns\">\n<div class=\"wp-block-column is-layout-flow wp-block-column-is-layout-flow\" style=\"flex-basis: 10%;\">\u00a0<\/div>\n<\/div>\n<!-- \/wp:columns -->\t\t\t\t\t\t\t\t<\/div>\n\t\t\t\t<\/div>\n\t\t\t\t\t<\/div>\n\t\t<\/div>\n\t\t\t\t\t<\/div>\n\t\t<\/section>\n\t\t\t\t<section class=\"elementor-section elementor-top-section elementor-element elementor-element-4908a03 clenove elementor-section-boxed elementor-section-height-default elementor-section-height-default elementor-invisible\" data-id=\"4908a03\" data-element_type=\"section\" data-e-type=\"section\" data-settings=\"{&quot;animation&quot;:&quot;fadeIn&quot;}\">\n\t\t\t\t\t\t<div class=\"elementor-container elementor-column-gap-default\">\n\t\t\t\t\t<div class=\"elementor-column elementor-col-25 elementor-top-column elementor-element elementor-element-a6e6dc1\" data-id=\"a6e6dc1\" data-element_type=\"column\" data-e-type=\"column\">\n\t\t\t<div class=\"elementor-widget-wrap\">\n\t\t\t\t\t\t\t<\/div>\n\t\t<\/div>\n\t\t\t\t<div class=\"elementor-column elementor-col-25 elementor-top-column elementor-element elementor-element-09213bf\" data-id=\"09213bf\" data-element_type=\"column\" data-e-type=\"column\">\n\t\t\t<div class=\"elementor-widget-wrap elementor-element-populated\">\n\t\t\t\t\t\t<div class=\"elementor-element elementor-element-e35198a elementor-position-top elementor-widget elementor-widget-image-box\" data-id=\"e35198a\" data-element_type=\"widget\" data-e-type=\"widget\" data-widget_type=\"image-box.default\">\n\t\t\t\t<div class=\"elementor-widget-container\">\n\t\t\t\t\t<div class=\"elementor-image-box-wrapper\"><figure class=\"elementor-image-box-img\"><img fetchpriority=\"high\" decoding=\"async\" width=\"683\" height=\"1024\" src=\"https:\/\/www.svazdopravy.cz\/wp-content\/uploads\/2025\/06\/IMG_5985-1-683x1024.jpg\" class=\"attachment-large size-large wp-image-2480\" alt=\"\" srcset=\"https:\/\/www.svazdopravy.cz\/wp-content\/uploads\/2025\/06\/IMG_5985-1-683x1024.jpg 683w, https:\/\/www.svazdopravy.cz\/wp-content\/uploads\/2025\/06\/IMG_5985-1-200x300.jpg 200w, https:\/\/www.svazdopravy.cz\/wp-content\/uploads\/2025\/06\/IMG_5985-1-768x1152.jpg 768w, https:\/\/www.svazdopravy.cz\/wp-content\/uploads\/2025\/06\/IMG_5985-1-1024x1536.jpg 1024w, https:\/\/www.svazdopravy.cz\/wp-content\/uploads\/2025\/06\/IMG_5985-1-1365x2048.jpg 1365w, https:\/\/www.svazdopravy.cz\/wp-content\/uploads\/2025\/06\/IMG_5985-1-8x12.jpg 8w, https:\/\/www.svazdopravy.cz\/wp-content\/uploads\/2025\/06\/IMG_5985-1-16x24.jpg 16w, https:\/\/www.svazdopravy.cz\/wp-content\/uploads\/2025\/06\/IMG_5985-1-scaled.jpg 1707w\" sizes=\"(max-width: 683px) 100vw, 683px\" \/><\/figure><div class=\"elementor-image-box-content\"><h5 class=\"elementor-image-box-title\">Bc. Romana \u0160auerov\u00e1<\/h5><p class=\"elementor-image-box-description\">Prezidentka Svazu dopravy<br>\ntel. +420 603 925 446<br>\n<a href=\"mailto:svazdopravy@svazdopravy.cz\">svazdopravy@svazdopravy.cz<\/a><\/p><\/div><\/div>\t\t\t\t<\/div>\n\t\t\t\t<\/div>\n\t\t\t\t\t<\/div>\n\t\t<\/div>\n\t\t\t\t<div class=\"elementor-column elementor-col-25 elementor-top-column elementor-element elementor-element-8b1252d\" data-id=\"8b1252d\" data-element_type=\"column\" data-e-type=\"column\">\n\t\t\t<div class=\"elementor-widget-wrap elementor-element-populated\">\n\t\t\t\t\t\t<div class=\"elementor-element elementor-element-cd0bd45 elementor-position-top elementor-widget elementor-widget-image-box\" data-id=\"cd0bd45\" data-element_type=\"widget\" data-e-type=\"widget\" data-widget_type=\"image-box.default\">\n\t\t\t\t<div class=\"elementor-widget-container\">\n\t\t\t\t\t<div class=\"elementor-image-box-wrapper\"><figure class=\"elementor-image-box-img\"><img decoding=\"async\" width=\"683\" height=\"1024\" src=\"https:\/\/www.svazdopravy.cz\/wp-content\/uploads\/2025\/06\/IMG_5996-683x1024.jpg\" class=\"attachment-large size-large wp-image-2488\" alt=\"\" srcset=\"https:\/\/www.svazdopravy.cz\/wp-content\/uploads\/2025\/06\/IMG_5996-683x1024.jpg 683w, https:\/\/www.svazdopravy.cz\/wp-content\/uploads\/2025\/06\/IMG_5996-200x300.jpg 200w, https:\/\/www.svazdopravy.cz\/wp-content\/uploads\/2025\/06\/IMG_5996-768x1152.jpg 768w, https:\/\/www.svazdopravy.cz\/wp-content\/uploads\/2025\/06\/IMG_5996-1024x1536.jpg 1024w, https:\/\/www.svazdopravy.cz\/wp-content\/uploads\/2025\/06\/IMG_5996-1365x2048.jpg 1365w, https:\/\/www.svazdopravy.cz\/wp-content\/uploads\/2025\/06\/IMG_5996-8x12.jpg 8w, https:\/\/www.svazdopravy.cz\/wp-content\/uploads\/2025\/06\/IMG_5996-16x24.jpg 16w, https:\/\/www.svazdopravy.cz\/wp-content\/uploads\/2025\/06\/IMG_5996-scaled.jpg 1707w\" sizes=\"(max-width: 683px) 100vw, 683px\" \/><\/figure><div class=\"elementor-image-box-content\"><h5 class=\"elementor-image-box-title\">Simona Kohoutov\u00e1, DiS. <\/h5><p class=\"elementor-image-box-description\">Asistentka Svazu dopravy<br>\ntel. +420 773 678 571<br>\n<a href=\"mailto:office@svazdopravy.cz\">office@svazdopravy.cz<\/a><\/p><\/div><\/div>\t\t\t\t<\/div>\n\t\t\t\t<\/div>\n\t\t\t\t\t<\/div>\n\t\t<\/div>\n\t\t\t\t<div class=\"elementor-column elementor-col-25 elementor-top-column elementor-element elementor-element-ca24408\" data-id=\"ca24408\" data-element_type=\"column\" data-e-type=\"column\">\n\t\t\t<div class=\"elementor-widget-wrap\">\n\t\t\t\t\t\t\t<\/div>\n\t\t<\/div>\n\t\t\t\t\t<\/div>\n\t\t<\/section>\n\t\t\t\t<\/div>","protected":false},"excerpt":{"rendered":"<p>S\u00eddlo Svazu dopravy: Svaz dopravy \u010cesk\u00e9 republikyDl\u00e1\u017ed\u011bn\u00e1 1003\/7, Nov\u00e9 M\u011bsto110 00 Praha 1 I\u010c: 613 81 705Svaz nen\u00ed pl\u00e1tcem DPHID datov\u00e9 schr\u00e1nky:\u00a0zpujnkmSvaz je zaps\u00e1n v obchodn\u00edm rejst\u0159\u00edku L 5915 veden\u00e1 u M\u011bstsk\u00e9ho soudu v Praze. \u00a0 Bc. Romana \u0160auerov\u00e1 Prezidentka Svazu dopravy tel. +420 603 925 446 svazdopravy@svazdopravy.cz Simona Kohoutov\u00e1, DiS. Asistentka Svazu dopravy tel. [&hellip;]<\/p>\n","protected":false},"author":1,"featured_media":0,"parent":0,"menu_order":0,"comment_status":"closed","ping_status":"closed","template":"","meta":{"footnotes":""},"class_list":["post-417","page","type-page","status-publish","hentry"],"_links":{"self":[{"href":"https:\/\/www.svazdopravy.cz\/en\/wp-json\/wp\/v2\/pages\/417","targetHints":{"allow":["GET"]}}],"collection":[{"href":"https:\/\/www.svazdopravy.cz\/en\/wp-json\/wp\/v2\/pages"}],"about":[{"href":"https:\/\/www.svazdopravy.cz\/en\/wp-json\/wp\/v2\/types\/page"}],"author":[{"embeddable":true,"href":"https:\/\/www.svazdopravy.cz\/en\/wp-json\/wp\/v2\/users\/1"}],"replies":[{"embeddable":true,"href":"https:\/\/www.svazdopravy.cz\/en\/wp-json\/wp\/v2\/comments?post=417"}],"version-history":[{"count":37,"href":"https:\/\/www.svazdopravy.cz\/en\/wp-json\/wp\/v2\/pages\/417\/revisions"}],"predecessor-version":[{"id":2491,"href":"https:\/\/www.svazdopravy.cz\/en\/wp-json\/wp\/v2\/pages\/417\/revisions\/2491"}],"wp:attachment":[{"href":"https:\/\/www.svazdopravy.cz\/en\/wp-json\/wp\/v2\/media?parent=417"}],"curies":[{"name":"wp","href":"https:\/\/api.w.org\/{rel}","templated":true}]}}