{"id":366,"date":"2023-01-24T17:32:19","date_gmt":"2023-01-24T16:32:19","guid":{"rendered":"https:\/\/svazdopravy.cz\/?page_id=366"},"modified":"2025-10-30T00:20:45","modified_gmt":"2025-10-29T23:20:45","slug":"svaz-dopravy-dnes","status":"publish","type":"page","link":"https:\/\/www.svazdopravy.cz\/en\/svaz-dopravy-dnes\/","title":{"rendered":"Svaz dopravy dnes"},"content":{"rendered":"<div data-elementor-type=\"wp-page\" data-elementor-id=\"366\" class=\"elementor elementor-366\">\n\t\t\t\t\t\t<section class=\"elementor-section elementor-top-section elementor-element elementor-element-16ad565e elementor-section-boxed elementor-section-height-default elementor-section-height-default\" data-id=\"16ad565e\" data-element_type=\"section\" data-e-type=\"section\">\n\t\t\t\t\t\t<div class=\"elementor-container elementor-column-gap-default\">\n\t\t\t\t\t<div class=\"elementor-column elementor-col-100 elementor-top-column elementor-element elementor-element-35cf1531\" data-id=\"35cf1531\" data-element_type=\"column\" data-e-type=\"column\">\n\t\t\t<div class=\"elementor-widget-wrap elementor-element-populated\">\n\t\t\t\t\t\t<div class=\"elementor-element elementor-element-cc5f6ee elementor-widget elementor-widget-text-editor\" data-id=\"cc5f6ee\" data-element_type=\"widget\" data-e-type=\"widget\" data-widget_type=\"text-editor.default\">\n\t\t\t\t<div class=\"elementor-widget-container\">\n\t\t\t\t\t\t\t\t\t<p>Svaz dopravy (d\u0159\u00edve Svaz zam\u011bstnavatel\u016f a podnikatel\u016f v doprav\u011b) vznikl v roce 1989, kdy nov\u00e1 politick\u00e1 a ekonomick\u00e1 situace v zemi vyvolala pot\u0159ebu zalo\u017eit organizaci dopravn\u00edch zam\u011bstnavatel\u016f a podnikatel\u016f, kter\u00e1 by h\u00e1jila z\u00e1jmy sv\u00fdch \u010dlen\u016f v obdob\u00ed transformace.<\/p>\n<p><!-- \/wp:paragraph --><\/p>\n<p><!-- wp:paragraph --><\/p>\n<p>Svaz vznikl jako nez\u00e1visl\u00e1 dobrovoln\u00e1, nepolitick\u00e1 a otev\u0159en\u00e1 z\u00e1jmov\u00e1 organizace, kter\u00e1 sdru\u017euje zam\u011bstnavatelsk\u00e9 a podnikatelsk\u00e9 subjekty, p\u016fsob\u00edc\u00ed ve v\u0161ech z\u00e1kladn\u00edch i p\u0159\u00edbuzn\u00fdch oborech dopravy.<\/p>\n<p><!-- \/wp:paragraph --><\/p>\n<p><!-- wp:paragraph --><\/p>\n<p>Po\u010d\u00e1tkem roku 1994 se svaz spojil se Svazem pr\u016fmyslu \u010cR, kter\u00fd zast\u0159e\u0161uje v\u0161echny pr\u016fmyslov\u00e9 obory a soust\u0159e\u010fuje p\u0159ev\u00e1\u017enou m\u00edru rozhoduj\u00edc\u00edch podnikatelsk\u00fdch subjekt\u016f. Toto nov\u00e9 uskupen\u00ed p\u0159ijalo n\u00e1zev Svaz pr\u016fmyslu a dopravy \u010cR a je nejsiln\u011bj\u0161\u00edm podnikatelsk\u00fdm svazem v republice. Soust\u0159e\u010fuje v\u00edce ne\u017e 25 podnikatelsk\u00fdch svaz\u016f s \u010dlenskou z\u00e1kladnou 1,3 mil. pracovn\u00edk\u016f. Svaz dopravy je z t\u011bchto \u010dlensk\u00fdch svaz\u016f nejv\u011bt\u0161\u00ed.<\/p>\n<p><!-- \/wp:paragraph --><\/p>\n<p><!-- wp:paragraph --><\/p>\n<p>Organiza\u010dn\u011b se svaz d\u011bl\u00ed na \u0161est odborn\u00fdch sekc\u00ed, jimi\u017e jsou Silni\u010dn\u00ed doprava a opravny, Leteck\u00e1 doprava, \u017delezni\u010dn\u00ed a kombinovan\u00e1 doprava, Vodn\u00ed doprava, Silni\u010dn\u00ed infrastruktura, \u017delezni\u010dn\u00ed pr\u016fmysl a oprav\u00e1renstv\u00ed. V jejich \u010dele stoj\u00ed v\u017edy p\u0159edseda, kter\u00fd je sou\u010dasn\u011b \u010dlenem p\u0159edstavenstva svazu. V t\u011bchto z\u00e1kladn\u00edch organiza\u010dn\u00edch jednotk\u00e1ch jsou \u0159e\u0161eny probl\u00e9my toho kter\u00e9ho druhu dopravy. \u010clensk\u00e9 organizace svazu maj\u00ed mo\u017enost se zapojit do pr\u00e1ce ve v\u00edce sekc\u00edch.<\/p>\n<p><!-- \/wp:paragraph --><\/p>\n<p><!-- wp:paragraph --><\/p>\n<p>Celkov\u011b sdru\u017euje Svaz dopravy \u010cesk\u00e9 republiky 63 podnikatelsk\u00fdch subjekt\u016f dopravn\u00edho zam\u011b\u0159en\u00ed, kter\u00e9 poskytuj\u00ed zam\u011bstn\u00e1n\u00ed v\u00edce ne\u017e 70 tis\u00edc\u016fm zam\u011bstnanc\u016f.<\/p>\n<p><!-- \/wp:paragraph --><\/p>\n<p><!-- wp:paragraph --><\/p>\n<p><strong>Svaz dopravy \u010cR je kolektivn\u00edm \u010dlenem&nbsp;<\/strong><span style=\"font-weight: bolder; font-size: 1rem;\">Svazu pr\u016fmyslu a dopravy<\/span><strong style=\"font-size: 1rem;\">&nbsp;a t\u00e9\u017e p\u0159ipom\u00ednkov\u00fdm m\u00edstem legislativy prost\u0159ednictv\u00edm Svazu pr\u016fmyslu a dopravy.<\/strong><\/p>\n<p><!-- \/wp:paragraph --><\/p>\t\t\t\t\t\t\t\t<\/div>\n\t\t\t\t<\/div>\n\t\t\t\t\t<\/div>\n\t\t<\/div>\n\t\t\t\t\t<\/div>\n\t\t<\/section>\n\t\t\t\t<\/div>","protected":false},"excerpt":{"rendered":"<p>Svaz dopravy (d\u0159\u00edve Svaz zam\u011bstnavatel\u016f a podnikatel\u016f v doprav\u011b) vznikl v roce 1989, kdy nov\u00e1 politick\u00e1 a ekonomick\u00e1 situace v zemi vyvolala pot\u0159ebu zalo\u017eit organizaci dopravn\u00edch zam\u011bstnavatel\u016f a podnikatel\u016f, kter\u00e1 by h\u00e1jila z\u00e1jmy sv\u00fdch \u010dlen\u016f v obdob\u00ed transformace. Svaz vznikl jako nez\u00e1visl\u00e1 dobrovoln\u00e1, nepolitick\u00e1 a otev\u0159en\u00e1 z\u00e1jmov\u00e1 organizace, kter\u00e1 sdru\u017euje zam\u011bstnavatelsk\u00e9 a podnikatelsk\u00e9 subjekty, p\u016fsob\u00edc\u00ed [&hellip;]<\/p>\n","protected":false},"author":1,"featured_media":0,"parent":0,"menu_order":0,"comment_status":"closed","ping_status":"closed","template":"","meta":{"footnotes":""},"class_list":["post-366","page","type-page","status-publish","hentry"],"_links":{"self":[{"href":"https:\/\/www.svazdopravy.cz\/en\/wp-json\/wp\/v2\/pages\/366","targetHints":{"allow":["GET"]}}],"collection":[{"href":"https:\/\/www.svazdopravy.cz\/en\/wp-json\/wp\/v2\/pages"}],"about":[{"href":"https:\/\/www.svazdopravy.cz\/en\/wp-json\/wp\/v2\/types\/page"}],"author":[{"embeddable":true,"href":"https:\/\/www.svazdopravy.cz\/en\/wp-json\/wp\/v2\/users\/1"}],"replies":[{"embeddable":true,"href":"https:\/\/www.svazdopravy.cz\/en\/wp-json\/wp\/v2\/comments?post=366"}],"version-history":[{"count":20,"href":"https:\/\/www.svazdopravy.cz\/en\/wp-json\/wp\/v2\/pages\/366\/revisions"}],"predecessor-version":[{"id":2592,"href":"https:\/\/www.svazdopravy.cz\/en\/wp-json\/wp\/v2\/pages\/366\/revisions\/2592"}],"wp:attachment":[{"href":"https:\/\/www.svazdopravy.cz\/en\/wp-json\/wp\/v2\/media?parent=366"}],"curies":[{"name":"wp","href":"https:\/\/api.w.org\/{rel}","templated":true}]}}